{"id":226,"date":"2024-12-29T19:10:36","date_gmt":"2024-12-29T19:10:36","guid":{"rendered":"http:\/\/18.234.64.53\/?page_id=226"},"modified":"2024-12-29T19:10:51","modified_gmt":"2024-12-29T19:10:51","slug":"226-2","status":"publish","type":"page","link":"https:\/\/www.chitty.io\/index.php\/226-2\/","title":{"rendered":"Brown Mexican Rice"},"content":{"rendered":"<div id=\"recipe\"><\/div><div id=\"wprm-recipe-container-223\" class=\"wprm-recipe-container\" data-recipe-id=\"223\" data-servings=\"0\"><div class=\"wprm-recipe wprm-recipe-template-basic\"><div class=\"wprm-container-float-left\">\n    \n<\/div>\n<a href=\"https:\/\/www.chitty.io\/index.php\/wprm_print\/mexican-rice-brown\" style=\"color: #333333;\" class=\"wprm-recipe-print wprm-recipe-link wprm-print-recipe-shortcode wprm-block-text-normal\" data-recipe-id=\"223\" data-template=\"\" target=\"_blank\" rel=\"nofollow\"><span class=\"wprm-recipe-icon wprm-recipe-print-icon\"><svg xmlns=\"http:\/\/www.w3.org\/2000\/svg\" xmlns:xlink=\"http:\/\/www.w3.org\/1999\/xlink\" x=\"0px\" y=\"0px\" width=\"16px\" height=\"16px\" viewBox=\"0 0 24 24\"><g ><path fill=\"#333333\" d=\"M19,5.09V1c0-0.552-0.448-1-1-1H6C5.448,0,5,0.448,5,1v4.09C2.167,5.569,0,8.033,0,11v7c0,0.552,0.448,1,1,1h4v4c0,0.552,0.448,1,1,1h12c0.552,0,1-0.448,1-1v-4h4c0.552,0,1-0.448,1-1v-7C24,8.033,21.833,5.569,19,5.09z M7,2h10v3H7V2z M17,22H7v-9h10V22z M18,10c-0.552,0-1-0.448-1-1c0-0.552,0.448-1,1-1s1,0.448,1,1C19,9.552,18.552,10,18,10z\"\/><\/g><\/svg><\/span> Print<\/a>\n\n<div class=\"wprm-spacer\" style=\"height: 5px;\"><\/div>\n<h2 class=\"wprm-recipe-name wprm-block-text-bold\">Brown Mexican Rice<\/h2>\n\n<div class=\"wprm-spacer\" style=\"height: 5px;\"><\/div>\n<div class=\"wprm-recipe-summary wprm-block-text-normal\"><span style=\"display: block;\">Instant Pot Brown Mexican Rice<\/span><\/div>\n<div class=\"wprm-spacer\"><\/div>\n<div class=\"wprm-recipe-meta-container wprm-recipe-tags-container wprm-recipe-details-container wprm-recipe-details-container-columns wprm-block-text-normal\"><div class=\"wprm-recipe-block-container wprm-recipe-block-container-columns wprm-block-text-normal wprm-recipe-tag-container wprm-recipe-course-container\" style=\"\"><span class=\"wprm-recipe-details-label wprm-block-text-bold wprm-recipe-tag-label wprm-recipe-course-label\">Course <\/span><span class=\"wprm-recipe-course wprm-block-text-normal\">Side Dish<\/span><\/div><div class=\"wprm-recipe-block-container wprm-recipe-block-container-columns wprm-block-text-normal wprm-recipe-tag-container wprm-recipe-cuisine-container\" style=\"\"><span class=\"wprm-recipe-details-label wprm-block-text-bold wprm-recipe-tag-label wprm-recipe-cuisine-label\">Cuisine <\/span><span class=\"wprm-recipe-cuisine wprm-block-text-normal\">Mexican<\/span><\/div><div class=\"wprm-recipe-block-container wprm-recipe-block-container-columns wprm-block-text-normal wprm-recipe-tag-container wprm-recipe-keyword-container\" style=\"\"><span class=\"wprm-recipe-details-label wprm-block-text-bold wprm-recipe-tag-label wprm-recipe-keyword-label\">Keyword <\/span><span class=\"wprm-recipe-keyword wprm-block-text-normal\">Mexican Rice<\/span><\/div><\/div>\n<div class=\"wprm-spacer\"><\/div>\n<div class=\"wprm-recipe-meta-container wprm-recipe-times-container wprm-recipe-details-container wprm-recipe-details-container-columns wprm-block-text-normal\"><div class=\"wprm-recipe-block-container wprm-recipe-block-container-columns wprm-block-text-normal wprm-recipe-time-container wprm-recipe-prep-time-container\" style=\"\"><span class=\"wprm-recipe-details-label wprm-block-text-bold wprm-recipe-time-label wprm-recipe-prep-time-label\">Prep Time <\/span><span class=\"wprm-recipe-time wprm-block-text-normal\"><span class=\"wprm-recipe-details wprm-recipe-details-hours wprm-recipe-prep_time wprm-recipe-prep_time-hours\">2<span class=\"sr-only screen-reader-text wprm-screen-reader-text\"> hours<\/span><\/span> <span class=\"wprm-recipe-details-unit wprm-recipe-details-unit-hours wprm-recipe-prep_time-unit wprm-recipe-prep_timeunit-hours\" aria-hidden=\"true\">hours<\/span><\/span><\/div><div class=\"wprm-recipe-block-container wprm-recipe-block-container-columns wprm-block-text-normal wprm-recipe-time-container wprm-recipe-cook-time-container\" style=\"\"><span class=\"wprm-recipe-details-label wprm-block-text-bold wprm-recipe-time-label wprm-recipe-cook-time-label\">Cook Time <\/span><span class=\"wprm-recipe-time wprm-block-text-normal\"><span class=\"wprm-recipe-details wprm-recipe-details-hours wprm-recipe-cook_time wprm-recipe-cook_time-hours\">1<span class=\"sr-only screen-reader-text wprm-screen-reader-text\"> hour<\/span><\/span> <span class=\"wprm-recipe-details-unit wprm-recipe-details-unit-hours wprm-recipe-cook_time-unit wprm-recipe-cook_timeunit-hours\" aria-hidden=\"true\">hour<\/span><\/span><\/div><\/div>\n<div class=\"wprm-spacer\"><\/div>\n\n\n\n\n<div id=\"recipe-223-equipment\" class=\"wprm-recipe-equipment-container wprm-block-text-normal\" data-recipe=\"223\"><h3 class=\"wprm-recipe-header wprm-recipe-equipment-header wprm-block-text-bold wprm-align-left wprm-header-decoration-none\" style=\"\">Equipment<\/h3><ul class=\"wprm-recipe-equipment wprm-recipe-equipment-list\"><li class=\"wprm-recipe-equipment-item\" style=\"list-style-type: disc;\"><div class=\"wprm-recipe-equipment-name\">1 Instant Pot<\/div><\/li><li class=\"wprm-recipe-equipment-item\" style=\"list-style-type: disc;\"><div class=\"wprm-recipe-equipment-name\">1  Strainer<\/div><\/li><li class=\"wprm-recipe-equipment-item\" style=\"list-style-type: disc;\"><div class=\"wprm-recipe-equipment-name\">1 Large Bowl<\/div><\/li><\/ul><\/div>\n<div id=\"recipe-223-ingredients\" class=\"wprm-recipe-ingredients-container wprm-recipe-ingredients-no-images wprm-recipe-223-ingredients-container wprm-block-text-normal wprm-ingredient-style-regular wprm-recipe-images-before\" data-recipe=\"223\" data-servings=\"0\"><h3 class=\"wprm-recipe-header wprm-recipe-ingredients-header wprm-block-text-bold wprm-align-left wprm-header-decoration-none\" style=\"\">Ingredients<\/h3><div class=\"wprm-recipe-ingredient-group\"><ul class=\"wprm-recipe-ingredients\"><li class=\"wprm-recipe-ingredient\" style=\"list-style-type: disc;\" data-uid=\"0\"><span class=\"wprm-recipe-ingredient-amount\">2<\/span>&#32;<span class=\"wprm-recipe-ingredient-unit\">cups<\/span>&#32;<span class=\"wprm-recipe-ingredient-name\">Long Grain Brown Rice<\/span><\/li><li class=\"wprm-recipe-ingredient\" style=\"list-style-type: disc;\" data-uid=\"1\"><span class=\"wprm-recipe-ingredient-amount\">3<\/span>&#32;<span class=\"wprm-recipe-ingredient-unit\">cups<\/span>&#32;<span class=\"wprm-recipe-ingredient-name\">Chicken Stock<\/span><\/li><li class=\"wprm-recipe-ingredient\" style=\"list-style-type: disc;\" data-uid=\"2\"><span class=\"wprm-recipe-ingredient-amount\">14<\/span>&#32;<span class=\"wprm-recipe-ingredient-unit\">oz<\/span>&#32;<span class=\"wprm-recipe-ingredient-name\">Chopped Tomatoes<\/span>&#32;<span class=\"wprm-recipe-ingredient-notes wprm-recipe-ingredient-notes-faded\">&#8212; recommend Pomi<\/span><\/li><li class=\"wprm-recipe-ingredient\" style=\"list-style-type: disc;\" data-uid=\"3\"><span class=\"wprm-recipe-ingredient-amount\">4<\/span>&#32;<span class=\"wprm-recipe-ingredient-unit\">tbsp<\/span>&#32;<span class=\"wprm-recipe-ingredient-name\">Garlic<\/span>&#32;<span class=\"wprm-recipe-ingredient-notes wprm-recipe-ingredient-notes-faded\">&#8212; minced<\/span><\/li><li class=\"wprm-recipe-ingredient\" style=\"list-style-type: disc;\" data-uid=\"4\"><span class=\"wprm-recipe-ingredient-amount\">2<\/span>&#32;<span class=\"wprm-recipe-ingredient-unit\">tbsp<\/span>&#32;<span class=\"wprm-recipe-ingredient-name\">Olive Oil<\/span><\/li><li class=\"wprm-recipe-ingredient\" style=\"list-style-type: disc;\" data-uid=\"5\"><span class=\"wprm-recipe-ingredient-amount\">2<\/span>&#32;<span class=\"wprm-recipe-ingredient-unit\">tbsp<\/span>&#32;<span class=\"wprm-recipe-ingredient-name\">Better Than Bouillon Roast Chicken<\/span>&#32;<span class=\"wprm-recipe-ingredient-notes wprm-recipe-ingredient-notes-faded\">&#8212; low sodium<\/span><\/li><li class=\"wprm-recipe-ingredient\" style=\"list-style-type: disc;\" data-uid=\"6\"><span class=\"wprm-recipe-ingredient-amount\">1<\/span>&#32;<span class=\"wprm-recipe-ingredient-unit\">large<\/span>&#32;<span class=\"wprm-recipe-ingredient-name\">White Onion<\/span>&#32;<span class=\"wprm-recipe-ingredient-notes wprm-recipe-ingredient-notes-faded\">&#8212; finely chopped<\/span><\/li><li class=\"wprm-recipe-ingredient\" style=\"list-style-type: disc;\" data-uid=\"7\"><span class=\"wprm-recipe-ingredient-amount\">1<\/span>&#32;<span class=\"wprm-recipe-ingredient-unit\">tbsp<\/span>&#32;<span class=\"wprm-recipe-ingredient-name\">Kosher Salt<\/span>&#32;<span class=\"wprm-recipe-ingredient-notes wprm-recipe-ingredient-notes-faded\">&#8212; to taste<\/span><\/li><li class=\"wprm-recipe-ingredient\" style=\"list-style-type: disc;\" data-uid=\"8\"><span class=\"wprm-recipe-ingredient-amount\">1<\/span>&#32;<span class=\"wprm-recipe-ingredient-unit\">tbsp<\/span>&#32;<span class=\"wprm-recipe-ingredient-name\">Black Pepper<\/span>&#32;<span class=\"wprm-recipe-ingredient-notes wprm-recipe-ingredient-notes-faded\">&#8212; to taste<\/span><\/li><\/ul><\/div><\/div>\n<div id=\"recipe-223-instructions\" class=\"wprm-recipe-instructions-container wprm-recipe-223-instructions-container wprm-block-text-normal\" data-recipe=\"223\"><h3 class=\"wprm-recipe-header wprm-recipe-instructions-header wprm-block-text-bold wprm-align-left wprm-header-decoration-none\" style=\"\">Instructions<\/h3><div class=\"wprm-recipe-instruction-group\"><ul class=\"wprm-recipe-instructions\"><li id=\"wprm-recipe-223-step-0-0\" class=\"wprm-recipe-instruction\" style=\"list-style-type: decimal;\"><div class=\"wprm-recipe-instruction-text\" style=\"margin-bottom: 5px;\"><span style=\"display: block;\">Rinse rice with a strainer thoroughly until stream of water is clear.<\/span><\/div><\/li><li id=\"wprm-recipe-223-step-0-1\" class=\"wprm-recipe-instruction\" style=\"list-style-type: decimal;\"><div class=\"wprm-recipe-instruction-text\" style=\"margin-bottom: 5px;\"><span style=\"display: block;\">Add rinsed rice and chicken stock to Instant Pot liner and rest for at least an hour and no more than 6 hours.  Do not turn on the Instant Pot.<\/span><\/div><\/li><li id=\"wprm-recipe-223-step-0-2\" class=\"wprm-recipe-instruction\" style=\"list-style-type: decimal;\"><div class=\"wprm-recipe-instruction-text\" style=\"margin-bottom: 5px;\"><span style=\"display: block;\">Strain rice and keep the chicken stock.<\/span><\/div><\/li><li id=\"wprm-recipe-223-step-0-3\" class=\"wprm-recipe-instruction\" style=\"list-style-type: decimal;\"><div class=\"wprm-recipe-instruction-text\" style=\"margin-bottom: 5px;\"><span style=\"display: block;\">Place empty insert into the Instant Pot and select Saut\u00e9.  Add olive oil and when shimmering, add onions and saut\u00e9 until soft and translucent (about two to three minutes).  Add garlic and saut\u00e9 for one minute.<\/span><\/div><\/li><li id=\"wprm-recipe-223-step-0-4\" class=\"wprm-recipe-instruction\" style=\"list-style-type: decimal;\"><div class=\"wprm-recipe-instruction-text\" style=\"margin-bottom: 5px;\"><span style=\"display: block;\">Add rice, stir until grains are coated, and saut\u00e9 for one minute.<\/span><\/div><\/li><li id=\"wprm-recipe-223-step-0-5\" class=\"wprm-recipe-instruction\" style=\"list-style-type: decimal;\"><div class=\"wprm-recipe-instruction-text\" style=\"margin-bottom: 5px;\"><span style=\"display: block;\">Add tomatoes and saut\u00e9 for one minute.<\/span><\/div><\/li><li id=\"wprm-recipe-223-step-0-6\" class=\"wprm-recipe-instruction\" style=\"list-style-type: decimal;\"><div class=\"wprm-recipe-instruction-text\" style=\"margin-bottom: 5px;\"><span style=\"display: block;\">Add stock and better than bouillon and stir to incorporate everything.<\/span><\/div><\/li><li id=\"wprm-recipe-223-step-0-7\" class=\"wprm-recipe-instruction\" style=\"list-style-type: decimal;\"><div class=\"wprm-recipe-instruction-text\" style=\"margin-bottom: 5px;\"><span style=\"display: block;\">Lock lid and select (Custom) Rice setting.  Cook and allow pressure to naturally release.<\/span><\/div><\/li><li id=\"wprm-recipe-223-step-0-8\" class=\"wprm-recipe-instruction\" style=\"list-style-type: decimal;\"><div class=\"wprm-recipe-instruction-text\" style=\"margin-bottom: 5px;\"><span style=\"display: block;\">Salt and pepper to taste.<\/span><\/div><\/li><\/ul><\/div><\/div>\n<div id=\"recipe-video\"><\/div>\n<div id=\"recipe-223-notes\" class=\"wprm-recipe-notes-container wprm-block-text-normal\"><h3 class=\"wprm-recipe-header wprm-recipe-notes-header wprm-block-text-bold wprm-align-left wprm-header-decoration-none\" style=\"\">Notes<\/h3><div class=\"wprm-recipe-notes\"><span style=\"display: block;\">On my mother&#8217;s side of the family, every meal had refried beans and Mexican Rice.\u00a0 I remember my Tia Keta catering a wedding and the most popular dish was the beans and rice.\u00a0 I am not sure if my Aunt Keta ever made made her dishes with brown rice or without lard, but I am hopeful she would approve of ours.<\/span><div class=\"wprm-spacer\"><\/div>\n<span style=\"display: block;\">In San Francisco and the rest of the Bay Area, there are too many great Mexican food places to list.\u00a0 The place that was close to what I grew up with was <a href=\"https:\/\/www.sfgate.com\/food\/article\/la-canasta-sf-mexican-restaurant-closes-17898490.php\">La Canasta<\/a>, which I have just heard closed in April 2023 after 36 years.\u00a0 Uno Dos Tacos broke the mold of having great Mexican food at a very reasonable price and a good margarita.\u00a0 They have branched out to a higher end Mexican food restaurants <a href=\"https:\/\/www.floressf.com\/san-francisco-menus\/\">Flores<\/a>.\u00a0 Outside of San Francisco, there was <a class=\"make-left\" title=\"Taqueria El Metate\" href=\"https:\/\/taqueria-el-metate.restaurants-world.com\/\"><span class=\"text-logo\">Taqueria El Metate<\/span><\/a> in Belmont, CA that was known for their grilled shrimp tacos.\u00a0 If you are on a road trip down 101, you have to try <a href=\"https:\/\/www.facebook.com\/p\/La-Placita-Mercado-100069955911364\/\">La Placita Mercado<\/a> in Soledad, CA.\u00a0 It appears they have been &#8216;yelped&#8217; and I remember this place having 1000&#8217;s of positive reviews which is now 5 reviews.<\/span><div class=\"wprm-spacer\"><\/div>\n<span style=\"display: block;\">For Seattle, we have tried 10+ places and with one exception of <a href=\"https:\/\/www.tacosandbeerseattle.com\/\">Tacos and Beer<\/a> for a few dishes, they have all fallen short.\u00a0 I have heard there is some excellent food outside of Seattle proper and White Center is the place I keep hearing about.\u00a0 There is an <a href=\"https:\/\/seattle.eater.com\/maps\/seattle-best-taco-restaurants-foodtrucks\">Eater Seattle taco<\/a> list we have tried for three years with places that have changed, but the results are the same.\u00a0 We try not to be negative, but <a href=\"https:\/\/www.seattlechukis.com\/\">Tacos Chukis<\/a> is a place we can easily not recommend.\u00a0 The struggle has been real.<\/span><div class=\"wprm-spacer\"><\/div>\n<span style=\"display: block;\">\u00a0<\/span><\/div><\/div>\n<\/div><\/div>","protected":false},"excerpt":{"rendered":"","protected":false},"author":1,"featured_media":0,"parent":0,"menu_order":0,"comment_status":"closed","ping_status":"closed","template":"","meta":{"wprm-recipe-roundup-name":"","wprm-recipe-roundup-description":"","footnotes":""},"class_list":["post-226","page","type-page","status-publish","hentry"],"_links":{"self":[{"href":"https:\/\/www.chitty.io\/index.php\/wp-json\/wp\/v2\/pages\/226","targetHints":{"allow":["GET"]}}],"collection":[{"href":"https:\/\/www.chitty.io\/index.php\/wp-json\/wp\/v2\/pages"}],"about":[{"href":"https:\/\/www.chitty.io\/index.php\/wp-json\/wp\/v2\/types\/page"}],"author":[{"embeddable":true,"href":"https:\/\/www.chitty.io\/index.php\/wp-json\/wp\/v2\/users\/1"}],"replies":[{"embeddable":true,"href":"https:\/\/www.chitty.io\/index.php\/wp-json\/wp\/v2\/comments?post=226"}],"version-history":[{"count":2,"href":"https:\/\/www.chitty.io\/index.php\/wp-json\/wp\/v2\/pages\/226\/revisions"}],"predecessor-version":[{"id":229,"href":"https:\/\/www.chitty.io\/index.php\/wp-json\/wp\/v2\/pages\/226\/revisions\/229"}],"wp:attachment":[{"href":"https:\/\/www.chitty.io\/index.php\/wp-json\/wp\/v2\/media?parent=226"}],"curies":[{"name":"wp","href":"https:\/\/api.w.org\/{rel}","templated":true}]}}